{"id":3676,"date":"2026-04-13T20:48:12","date_gmt":"2026-04-13T20:48:12","guid":{"rendered":"https:\/\/discover-ifrane.online\/?page_id=3676"},"modified":"2026-04-15T23:33:41","modified_gmt":"2026-04-15T23:33:41","slug":"hotels-and-stays-ifrane","status":"publish","type":"page","link":"https:\/\/discover-ifrane.online\/fr\/hotels-and-stays-ifrane\/","title":{"rendered":"H\u00f4tels et S\u00e9jours"},"content":{"rendered":"<div data-elementor-type=\"wp-page\" data-elementor-id=\"3676\" class=\"elementor elementor-3676\" data-elementor-post-type=\"page\">\n\t\t\t\t\t\t<section class=\"elementor-section elementor-top-section elementor-element elementor-element-8828dd8 elementor-section-height-min-height elementor-section-items-bottom elementor-section-boxed elementor-section-height-default\" data-id=\"8828dd8\" data-element_type=\"section\" data-e-type=\"section\" data-settings=\"{&quot;background_background&quot;:&quot;video&quot;,&quot;background_video_link&quot;:&quot;https:\\\/\\\/youtu.be\\\/L30FjeC3ZE4&quot;,&quot;background_video_start&quot;:0}\">\n\t\t\t\t\t\t\t\t<div class=\"elementor-background-video-container elementor-hidden-mobile\">\n\t\t\t\t\t\t\t\t\t\t\t\t\t<div class=\"elementor-background-video-embed\" role=\"presentation\"><\/div>\n\t\t\t\t\t\t\t\t\t\t\t\t<\/div>\n\t\t\t\t\t\t\t\t\t<div class=\"elementor-background-overlay\"><\/div>\n\t\t\t\t\t\t\t<div class=\"elementor-container elementor-column-gap-default\">\n\t\t\t\t\t<div class=\"elementor-column elementor-col-100 elementor-top-column elementor-element elementor-element-6d43801\" data-id=\"6d43801\" data-element_type=\"column\" data-e-type=\"column\">\n\t\t\t<div class=\"elementor-widget-wrap elementor-element-populated\">\n\t\t\t\t\t\t<div class=\"elementor-element elementor-element-31c8d6d elementor-widget__width-initial elementor-widget elementor-widget-heading\" data-id=\"31c8d6d\" data-element_type=\"widget\" data-e-type=\"widget\" data-widget_type=\"heading.default\">\n\t\t\t\t<div class=\"elementor-widget-container\">\n\t\t\t\t\t<h1 class=\"elementor-heading-title elementor-size-default\">Hotels &amp; Stays\u200b<\/h1>\t\t\t\t<\/div>\n\t\t\t\t<\/div>\n\t\t\t\t<div class=\"elementor-element elementor-element-107a700 elementor-widget elementor-widget-text-editor\" data-id=\"107a700\" data-element_type=\"widget\" data-e-type=\"widget\" data-widget_type=\"text-editor.default\">\n\t\t\t\t<div class=\"elementor-widget-container\">\n\t\t\t\t\t\t\t\t\t<p><strong>Des salons de th\u00e9 douillets \u00e0 la gastronomie montagnarde raffin\u00e9e.<\/strong><\/p>\t\t\t\t\t\t\t\t<\/div>\n\t\t\t\t<\/div>\n\t\t\t\t<div class=\"elementor-element elementor-element-e920f9f elementor-widget elementor-widget-spacer\" data-id=\"e920f9f\" data-element_type=\"widget\" data-e-type=\"widget\" data-widget_type=\"spacer.default\">\n\t\t\t\t<div class=\"elementor-widget-container\">\n\t\t\t\t\t\t\t<div class=\"elementor-spacer\">\n\t\t\t<div class=\"elementor-spacer-inner\"><\/div>\n\t\t<\/div>\n\t\t\t\t\t\t<\/div>\n\t\t\t\t<\/div>\n\t\t\t\t<div class=\"elementor-element elementor-element-8609c70 elementor-widget__width-initial elementor-widget elementor-widget-search\" data-id=\"8609c70\" data-element_type=\"widget\" data-e-type=\"widget\" data-settings=\"{&quot;submit_trigger&quot;:&quot;click_submit&quot;,&quot;pagination_type_options&quot;:&quot;none&quot;}\" data-widget_type=\"search.default\">\n\t\t\t\t<div class=\"elementor-widget-container\">\n\t\t\t\t\t\t\t<search class=\"e-search hidden\" role=\"search\">\n\t\t\t<form class=\"e-search-form\" action=\"https:\/\/discover-ifrane.online\/fr\/\" method=\"get\" data-trp-original-action=\"https:\/\/discover-ifrane.online\/fr\">\n\n\t\t\t\t\n\t\t\t\t<label class=\"e-search-label\" for=\"search-8609c70\">\n\t\t\t\t\t<span class=\"elementor-screen-only\">\n\t\t\t\t\t\tRechercher \t\t\t\t\t<\/span>\n\t\t\t\t\t\t\t\t\t<\/label>\n\n\t\t\t\t<div class=\"e-search-input-wrapper\">\n\t\t\t\t\t<input id=\"search-8609c70\" placeholder=\"       Search places, stays, or experiences...\" class=\"e-search-input\" type=\"search\" name=\"s\" value=\"\" autocomplete=\"off\" role=\"combobox\" aria-autocomplete=\"list\" aria-expanded=\"false\" aria-controls=\"results-8609c70\" aria-haspopup=\"listbox\">\n\t\t\t\t\t<i aria-hidden=\"true\" class=\"fas fa-times\"><\/i>\t\t\t\t\t\t\t\t\t\t<output id=\"results-8609c70\" class=\"e-search-results-container hide-loader\" aria-live=\"polite\" aria-atomic=\"true\" aria-label=\"Results for search\" tabindex=\"0\">\n\t\t\t\t\t\t<div class=\"e-search-results\"><\/div>\n\t\t\t\t\t\t\t\t\t\t\t<\/output>\n\t\t\t\t\t\t\t\t\t<\/div>\n\t\t\t\t\n\t\t\t\t\n\t\t\t\t<button class=\"e-search-submit\" type=\"submit\">\n\t\t\t\t\t\n\t\t\t\t\t\t\t\t\t\t<span class=\"\">\n\t\t\t\t\t\tSearch\t\t\t\t\t<\/span>\n\t\t\t\t\t\t\t\t\t<\/button>\n\t\t\t\t<input type=\"hidden\" name=\"e_search_props\" value=\"8609c70-3676\">\n\t\t\t<input type=\"hidden\" name=\"trp-form-language\" value=\"fr\"\/><\/form>\n\t\t<\/search>\n\t\t\t\t\t\t<\/div>\n\t\t\t\t<\/div>\n\t\t\t\t<div class=\"elementor-element elementor-element-969e6ec elementor-widget elementor-widget-spacer\" data-id=\"969e6ec\" data-element_type=\"widget\" data-e-type=\"widget\" data-widget_type=\"spacer.default\">\n\t\t\t\t<div class=\"elementor-widget-container\">\n\t\t\t\t\t\t\t<div class=\"elementor-spacer\">\n\t\t\t<div class=\"elementor-spacer-inner\"><\/div>\n\t\t<\/div>\n\t\t\t\t\t\t<\/div>\n\t\t\t\t<\/div>\n\t\t\t\t<div class=\"elementor-element elementor-element-9a9b4e4 elementor-hidden-phone elementor-widget elementor-widget-spacer\" data-id=\"9a9b4e4\" data-element_type=\"widget\" data-e-type=\"widget\" data-widget_type=\"spacer.default\">\n\t\t\t\t<div class=\"elementor-widget-container\">\n\t\t\t\t\t\t\t<div class=\"elementor-spacer\">\n\t\t\t<div class=\"elementor-spacer-inner\"><\/div>\n\t\t<\/div>\n\t\t\t\t\t\t<\/div>\n\t\t\t\t<\/div>\n\t\t\t\t\t<\/div>\n\t\t<\/div>\n\t\t\t\t\t<\/div>\n\t\t<\/section>\n\t\t\t\t<section class=\"elementor-section elementor-top-section elementor-element elementor-element-28328c5 elementor-section-boxed elementor-section-height-default elementor-section-height-default\" data-id=\"28328c5\" data-element_type=\"section\" data-e-type=\"section\">\n\t\t\t\t\t\t<div class=\"elementor-container elementor-column-gap-default\">\n\t\t\t\t\t<div class=\"elementor-column elementor-col-100 elementor-top-column elementor-element elementor-element-d2e4bba\" data-id=\"d2e4bba\" data-element_type=\"column\" data-e-type=\"column\">\n\t\t\t<div class=\"elementor-widget-wrap elementor-element-populated\">\n\t\t\t\t\t\t<div class=\"elementor-element elementor-element-cd108c8 elementor-widget elementor-widget-elementskit-blog-posts\" data-id=\"cd108c8\" data-element_type=\"widget\" data-e-type=\"widget\" data-widget_type=\"elementskit-blog-posts.default\">\n\t\t\t\t<div class=\"elementor-widget-container\">\n\t\t\t\t\t<div class=\"ekit-wid-con\" >        <div id=\"post-items--cd108c8\" class=\"row post-items\">\n                    <div class=\"col-md-12\">\n\n                                    <div class=\"elementskit-blog-block-post\">\n                        <div class=\"row no-gutters\">\n                                                            <div class=\"col-md-6 order-1\">\n                                    <a href=\"https:\/\/discover-ifrane.online\/fr\/grand-hotel-ifrane\/\" class=\"elementskit-entry-thumb\">\n                                        <img decoding=\"async\" src=\"https:\/\/discover-ifrane.online\/wp-content\/uploads\/2026\/04\/grand-hotel-ifrane.jpg\" alt=\"Grand H\u00f4tel Ifrane: A Landmark of Luxury in the Switzerland of Morocco\">\n                                    <\/a><!-- .elementskit-entry-thumb END -->\n                                <\/div>\n                            \n                            <div class=\"col-md-6 order-2\">\n                                <div class=\"elementskit-post-body\">\n                                    <div class=\"elementskit-entry-header\">\n                                        \n                                                                                            \t\t\t\t\t                                            \n                                            \n                                                                                            \t\t\t\t<h2 class=\"entry-title\">\n\t\t\t\t\t<a href=\"https:\/\/discover-ifrane.online\/fr\/grand-hotel-ifrane\/\">\n\t\t\t\t\t\tGrand H\u00f4tel Ifrane: A Landmark of Luxury in the Switzerland of Morocco\t\t\t\t\t<\/a>\n\t\t\t\t<\/h2>\n\t\t\t                                                                                <\/div><!-- .elementskit-entry-header END -->\n\n                                                                            <div class=\"elementskit-post-footer\">\n                                                                                            <p>The Timeless Soul of Morocco\u2019s Switzerland When travelers speak of Ifrane, the &#8220;Switzerland of Morocco,&#8221; they often envision red-tiled sloped roofs, cedar forests, and a crisp mountain breeze. No destination...<\/p>\n                                                                                                                                <\/div><!-- .elementskit-post-footer END -->\n                                                                    <\/div><!-- .elementskit-post-body END -->\n                            <\/div>\n                        <\/div>\n                    <\/div><!-- .elementskit-blog-block-post .radius .gradient-bg END -->\n                \n            <\/div>\n                    <div class=\"col-md-12\">\n\n                                    <div class=\"elementskit-blog-block-post\">\n                        <div class=\"row no-gutters\">\n                                                            <div class=\"col-md-6 order-1\">\n                                    <a href=\"https:\/\/discover-ifrane.online\/fr\/hotel-le-chamonix-ifrane-your-cozy-chalet-style-city-base\/\" class=\"elementskit-entry-thumb\">\n                                        <img decoding=\"async\" src=\"https:\/\/discover-ifrane.online\/wp-content\/uploads\/2026\/04\/le-chamonix-frente-a.jpg\" alt=\"Hotel Le Chamonix Ifrane Your Cozy Chalet Style City Base\">\n                                    <\/a><!-- .elementskit-entry-thumb END -->\n                                <\/div>\n                            \n                            <div class=\"col-md-6 order-2\">\n                                <div class=\"elementskit-post-body\">\n                                    <div class=\"elementskit-entry-header\">\n                                        \n                                                                                            \t\t\t\t\t                                            \n                                            \n                                                                                            \t\t\t\t<h2 class=\"entry-title\">\n\t\t\t\t\t<a href=\"https:\/\/discover-ifrane.online\/fr\/hotel-le-chamonix-ifrane-your-cozy-chalet-style-city-base\/\">\n\t\t\t\t\t\tHotel Le Chamonix Ifrane Your Cozy Chalet Style City Base\t\t\t\t\t<\/a>\n\t\t\t\t<\/h2>\n\t\t\t                                                                                <\/div><!-- .elementskit-entry-header END -->\n\n                                                                            <div class=\"elementskit-post-footer\">\n                                                                                            <p>Discover the cozy, chalet-style charm of Ifrane.<\/p>\n                                                                                                                                <\/div><!-- .elementskit-post-footer END -->\n                                                                    <\/div><!-- .elementskit-post-body END -->\n                            <\/div>\n                        <\/div>\n                    <\/div><!-- .elementskit-blog-block-post .radius .gradient-bg END -->\n                \n            <\/div>\n                    <div class=\"col-md-12\">\n\n                                    <div class=\"elementskit-blog-block-post\">\n                        <div class=\"row no-gutters\">\n                                                            <div class=\"col-md-6 order-1\">\n                                    <a href=\"https:\/\/discover-ifrane.online\/fr\/michlifen-resort-ifrane\/\" class=\"elementskit-entry-thumb\">\n                                        <img decoding=\"async\" src=\"https:\/\/discover-ifrane.online\/wp-content\/uploads\/2026\/04\/michlifen-resort-golf-general-1227fa11.jpg\" alt=\"Michlifen Resort: Alpine Luxury Amidst Ifrane\u2019s Serenity\">\n                                    <\/a><!-- .elementskit-entry-thumb END -->\n                                <\/div>\n                            \n                            <div class=\"col-md-6 order-2\">\n                                <div class=\"elementskit-post-body\">\n                                    <div class=\"elementskit-entry-header\">\n                                        \n                                                                                            \t\t\t\t\t                                            \n                                            \n                                                                                            \t\t\t\t<h2 class=\"entry-title\">\n\t\t\t\t\t<a href=\"https:\/\/discover-ifrane.online\/fr\/michlifen-resort-ifrane\/\">\n\t\t\t\t\t\tMichlifen Resort : Luxe Alpin au C\u0153ur de la S\u00e9r\u00e9nit\u00e9 d'Ifrane\t\t\t\t\t<\/a>\n\t\t\t\t<\/h2>\n\t\t\t                                                                                <\/div><!-- .elementskit-entry-header END -->\n\n                                                                            <div class=\"elementskit-post-footer\">\n                                                                                            <p>Experience the Ultimate Five-Star Alpine Retreat When travelers imagine Morocco, they often picture deserts, medinas, and coastlines. However, nestled in the Middle Atlas mountains, there is a different kind of...<\/p>\n                                                                                                                                <\/div><!-- .elementskit-post-footer END -->\n                                                                    <\/div><!-- .elementskit-post-body END -->\n                            <\/div>\n                        <\/div>\n                    <\/div><!-- .elementskit-blog-block-post .radius .gradient-bg END -->\n                \n            <\/div>\n                <\/div>\n       <\/div>\t\t\t\t<\/div>\n\t\t\t\t<\/div>\n\t\t\t\t\t<\/div>\n\t\t<\/div>\n\t\t\t\t\t<\/div>\n\t\t<\/section>\n\t\t\t\t<\/div>","protected":false},"excerpt":{"rendered":"<p>Hotels &amp; Stays\u200b From cozy tea rooms to refined mountain gastronomy. Search Search Grand H\u00f4tel Ifrane: A Landmark of Luxury in the Switzerland of Morocco When travelers speak of Ifrane,&#8230;<\/p>","protected":false},"author":3,"featured_media":0,"parent":0,"menu_order":0,"comment_status":"closed","ping_status":"closed","template":"elementor_header_footer","meta":{"give_campaign_id":0,"_bbp_topic_count":0,"_bbp_reply_count":0,"_bbp_total_topic_count":0,"_bbp_total_reply_count":0,"_bbp_voice_count":0,"_bbp_anonymous_reply_count":0,"_bbp_topic_count_hidden":0,"_bbp_reply_count_hidden":0,"_bbp_forum_subforum_count":0,"_angie_page":false,"_eb_attr":"","postBodyCss":"","postBodyMargin":[],"postBodyPadding":[],"postBodyBackground":{"backgroundType":"classic","gradient":""},"_kadence_starter_templates_imported_post":true,"_kad_post_transparent":"","_kad_post_title":"hide","_kad_post_layout":"normal","_kad_post_sidebar_id":"","_kad_post_content_style":"unboxed","_kad_post_vertical_padding":"hide","_kad_post_feature":"hide","_kad_post_feature_position":"","_kad_post_header":false,"_kad_post_footer":false,"_kad_post_classname":"","two_page_speed":[],"footnotes":""},"class_list":["post-3676","page","type-page","status-publish","hentry"],"yoast_head":"<!-- This site is optimized with the Yoast SEO Premium plugin v27.1 (Yoast SEO v27.3) - https:\/\/yoast.com\/product\/yoast-seo-premium-wordpress\/ -->\n<title>Discover Ifrane: Best Hotels, Caf\u00e9s &amp; Things to Do<\/title>\n<meta name=\"description\" content=\"Discover Ifrane, Morocco\u2019s \u201cLittle Switzerland\u201d \u2013 find the best hotels, caf\u00e9s, restaurants and things to do. Plan your perfect Middle Atlas escape in every season.\" \/>\n<meta name=\"robots\" content=\"index, follow, max-snippet:-1, max-image-preview:large, max-video-preview:-1\" \/>\n<link rel=\"canonical\" href=\"https:\/\/discover-ifrane.online\/fr\/hotels-and-stays-ifrane\/\" \/>\n<meta property=\"og:locale\" content=\"fr_FR\" \/>\n<meta property=\"og:type\" content=\"article\" \/>\n<meta property=\"og:title\" content=\"Hotels &amp; Stays\" \/>\n<meta property=\"og:description\" content=\"Discover Ifrane, Morocco\u2019s \u201cLittle Switzerland\u201d \u2013 find the best hotels, caf\u00e9s, restaurants and things to do. Plan your perfect Middle Atlas escape in every season.\" \/>\n<meta property=\"og:url\" content=\"https:\/\/discover-ifrane.online\/fr\/hotels-and-stays-ifrane\/\" \/>\n<meta property=\"og:site_name\" content=\"Discoverifrane\" \/>\n<meta property=\"article:modified_time\" content=\"2026-04-15T23:33:41+00:00\" \/>\n<meta property=\"og:image\" content=\"https:\/\/discover-ifrane.online\/wp-content\/uploads\/2026\/04\/grand-hotel-ifrane.jpg\" \/>\n<meta name=\"twitter:card\" content=\"summary_large_image\" \/>\n<meta name=\"twitter:label1\" content=\"Dur\u00e9e de lecture estim\u00e9e\" \/>\n\t<meta name=\"twitter:data1\" content=\"2 minutes\" \/>\n<script type=\"application\/ld+json\" class=\"yoast-schema-graph\">{\"@context\":\"https:\\\/\\\/schema.org\",\"@graph\":[{\"@type\":\"WebPage\",\"@id\":\"https:\\\/\\\/discover-ifrane.online\\\/hotels-and-stays-ifrane\\\/\",\"url\":\"https:\\\/\\\/discover-ifrane.online\\\/hotels-and-stays-ifrane\\\/\",\"name\":\"Discover Ifrane: Best Hotels, Caf\u00e9s & Things to Do\",\"isPartOf\":{\"@id\":\"https:\\\/\\\/discover-ifrane.online\\\/#website\"},\"primaryImageOfPage\":{\"@id\":\"https:\\\/\\\/discover-ifrane.online\\\/hotels-and-stays-ifrane\\\/#primaryimage\"},\"image\":{\"@id\":\"https:\\\/\\\/discover-ifrane.online\\\/hotels-and-stays-ifrane\\\/#primaryimage\"},\"thumbnailUrl\":\"https:\\\/\\\/discover-ifrane.online\\\/wp-content\\\/uploads\\\/2026\\\/04\\\/grand-hotel-ifrane.jpg\",\"datePublished\":\"2026-04-13T20:48:12+00:00\",\"dateModified\":\"2026-04-15T23:33:41+00:00\",\"description\":\"Discover Ifrane, Morocco\u2019s \u201cLittle Switzerland\u201d \u2013 find the best hotels, caf\u00e9s, restaurants and things to do. Plan your perfect Middle Atlas escape in every season.\",\"breadcrumb\":{\"@id\":\"https:\\\/\\\/discover-ifrane.online\\\/hotels-and-stays-ifrane\\\/#breadcrumb\"},\"inLanguage\":\"fr-FR\",\"potentialAction\":[{\"@type\":\"ReadAction\",\"target\":[\"https:\\\/\\\/discover-ifrane.online\\\/hotels-and-stays-ifrane\\\/\"]}]},{\"@type\":\"ImageObject\",\"inLanguage\":\"fr-FR\",\"@id\":\"https:\\\/\\\/discover-ifrane.online\\\/hotels-and-stays-ifrane\\\/#primaryimage\",\"url\":\"https:\\\/\\\/discover-ifrane.online\\\/wp-content\\\/uploads\\\/2026\\\/04\\\/grand-hotel-ifrane.jpg\",\"contentUrl\":\"https:\\\/\\\/discover-ifrane.online\\\/wp-content\\\/uploads\\\/2026\\\/04\\\/grand-hotel-ifrane.jpg\"},{\"@type\":\"BreadcrumbList\",\"@id\":\"https:\\\/\\\/discover-ifrane.online\\\/hotels-and-stays-ifrane\\\/#breadcrumb\",\"itemListElement\":[{\"@type\":\"ListItem\",\"position\":1,\"name\":\"Home\",\"item\":\"https:\\\/\\\/discover-ifrane.online\\\/\"},{\"@type\":\"ListItem\",\"position\":2,\"name\":\"Hotels &amp; Stays\"}]},{\"@type\":\"WebSite\",\"@id\":\"https:\\\/\\\/discover-ifrane.online\\\/#website\",\"url\":\"https:\\\/\\\/discover-ifrane.online\\\/\",\"name\":\"Discoverifrane\",\"description\":\"\",\"publisher\":{\"@id\":\"https:\\\/\\\/discover-ifrane.online\\\/#organization\"},\"potentialAction\":[{\"@type\":\"SearchAction\",\"target\":{\"@type\":\"EntryPoint\",\"urlTemplate\":\"https:\\\/\\\/discover-ifrane.online\\\/?s={search_term_string}\"},\"query-input\":{\"@type\":\"PropertyValueSpecification\",\"valueRequired\":true,\"valueName\":\"search_term_string\"}}],\"inLanguage\":\"fr-FR\"},{\"@type\":\"Organization\",\"@id\":\"https:\\\/\\\/discover-ifrane.online\\\/#organization\",\"name\":\"Discoverifrane\",\"url\":\"https:\\\/\\\/discover-ifrane.online\\\/\",\"logo\":{\"@type\":\"ImageObject\",\"inLanguage\":\"fr-FR\",\"@id\":\"https:\\\/\\\/discover-ifrane.online\\\/#\\\/schema\\\/logo\\\/image\\\/\",\"url\":\"https:\\\/\\\/discover-ifrane.online\\\/wp-content\\\/uploads\\\/2026\\\/04\\\/cropped-Adobe-Express-file.png\",\"contentUrl\":\"https:\\\/\\\/discover-ifrane.online\\\/wp-content\\\/uploads\\\/2026\\\/04\\\/cropped-Adobe-Express-file.png\",\"width\":139,\"height\":169,\"caption\":\"Discoverifrane\"},\"image\":{\"@id\":\"https:\\\/\\\/discover-ifrane.online\\\/#\\\/schema\\\/logo\\\/image\\\/\"}}]}<\/script>\n<!-- \/ Yoast SEO Premium plugin. -->","yoast_head_json":{"title":"Discover Ifrane: Best Hotels, Caf\u00e9s & Things to Do","description":"Discover Ifrane, Morocco\u2019s \u201cLittle Switzerland\u201d \u2013 find the best hotels, caf\u00e9s, restaurants and things to do. Plan your perfect Middle Atlas escape in every season.","robots":{"index":"index","follow":"follow","max-snippet":"max-snippet:-1","max-image-preview":"max-image-preview:large","max-video-preview":"max-video-preview:-1"},"canonical":"https:\/\/discover-ifrane.online\/fr\/hotels-and-stays-ifrane\/","og_locale":"fr_FR","og_type":"article","og_title":"Hotels &amp; Stays","og_description":"Discover Ifrane, Morocco\u2019s \u201cLittle Switzerland\u201d \u2013 find the best hotels, caf\u00e9s, restaurants and things to do. Plan your perfect Middle Atlas escape in every season.","og_url":"https:\/\/discover-ifrane.online\/fr\/hotels-and-stays-ifrane\/","og_site_name":"Discoverifrane","article_modified_time":"2026-04-15T23:33:41+00:00","og_image":[{"url":"https:\/\/discover-ifrane.online\/wp-content\/uploads\/2026\/04\/grand-hotel-ifrane.jpg","type":"","width":"","height":""}],"twitter_card":"summary_large_image","twitter_misc":{"Dur\u00e9e de lecture estim\u00e9e":"2 minutes"},"schema":{"@context":"https:\/\/schema.org","@graph":[{"@type":"WebPage","@id":"https:\/\/discover-ifrane.online\/hotels-and-stays-ifrane\/","url":"https:\/\/discover-ifrane.online\/hotels-and-stays-ifrane\/","name":"Discover Ifrane: Best Hotels, Caf\u00e9s & Things to Do","isPartOf":{"@id":"https:\/\/discover-ifrane.online\/#website"},"primaryImageOfPage":{"@id":"https:\/\/discover-ifrane.online\/hotels-and-stays-ifrane\/#primaryimage"},"image":{"@id":"https:\/\/discover-ifrane.online\/hotels-and-stays-ifrane\/#primaryimage"},"thumbnailUrl":"https:\/\/discover-ifrane.online\/wp-content\/uploads\/2026\/04\/grand-hotel-ifrane.jpg","datePublished":"2026-04-13T20:48:12+00:00","dateModified":"2026-04-15T23:33:41+00:00","description":"Discover Ifrane, Morocco\u2019s \u201cLittle Switzerland\u201d \u2013 find the best hotels, caf\u00e9s, restaurants and things to do. Plan your perfect Middle Atlas escape in every season.","breadcrumb":{"@id":"https:\/\/discover-ifrane.online\/hotels-and-stays-ifrane\/#breadcrumb"},"inLanguage":"fr-FR","potentialAction":[{"@type":"ReadAction","target":["https:\/\/discover-ifrane.online\/hotels-and-stays-ifrane\/"]}]},{"@type":"ImageObject","inLanguage":"fr-FR","@id":"https:\/\/discover-ifrane.online\/hotels-and-stays-ifrane\/#primaryimage","url":"https:\/\/discover-ifrane.online\/wp-content\/uploads\/2026\/04\/grand-hotel-ifrane.jpg","contentUrl":"https:\/\/discover-ifrane.online\/wp-content\/uploads\/2026\/04\/grand-hotel-ifrane.jpg"},{"@type":"BreadcrumbList","@id":"https:\/\/discover-ifrane.online\/hotels-and-stays-ifrane\/#breadcrumb","itemListElement":[{"@type":"ListItem","position":1,"name":"Home","item":"https:\/\/discover-ifrane.online\/"},{"@type":"ListItem","position":2,"name":"Hotels &amp; Stays"}]},{"@type":"WebSite","@id":"https:\/\/discover-ifrane.online\/#website","url":"https:\/\/discover-ifrane.online\/","name":"D\u00e9couvrir la France","description":"","publisher":{"@id":"https:\/\/discover-ifrane.online\/#organization"},"potentialAction":[{"@type":"SearchAction","target":{"@type":"EntryPoint","urlTemplate":"https:\/\/discover-ifrane.online\/?s={search_term_string}"},"query-input":{"@type":"PropertyValueSpecification","valueRequired":true,"valueName":"search_term_string"}}],"inLanguage":"fr-FR"},{"@type":"Organization","@id":"https:\/\/discover-ifrane.online\/#organization","name":"D\u00e9couvrir la France","url":"https:\/\/discover-ifrane.online\/","logo":{"@type":"ImageObject","inLanguage":"fr-FR","@id":"https:\/\/discover-ifrane.online\/#\/schema\/logo\/image\/","url":"https:\/\/discover-ifrane.online\/wp-content\/uploads\/2026\/04\/cropped-Adobe-Express-file.png","contentUrl":"https:\/\/discover-ifrane.online\/wp-content\/uploads\/2026\/04\/cropped-Adobe-Express-file.png","width":139,"height":169,"caption":"Discoverifrane"},"image":{"@id":"https:\/\/discover-ifrane.online\/#\/schema\/logo\/image\/"}}]}},"campaignId":"","_hostinger_reach_plugin_has_subscription_block":false,"_hostinger_reach_plugin_is_elementor":false,"_links":{"self":[{"href":"https:\/\/discover-ifrane.online\/fr\/wp-json\/wp\/v2\/pages\/3676","targetHints":{"allow":["GET"]}}],"collection":[{"href":"https:\/\/discover-ifrane.online\/fr\/wp-json\/wp\/v2\/pages"}],"about":[{"href":"https:\/\/discover-ifrane.online\/fr\/wp-json\/wp\/v2\/types\/page"}],"author":[{"embeddable":true,"href":"https:\/\/discover-ifrane.online\/fr\/wp-json\/wp\/v2\/users\/3"}],"replies":[{"embeddable":true,"href":"https:\/\/discover-ifrane.online\/fr\/wp-json\/wp\/v2\/comments?post=3676"}],"version-history":[{"count":10,"href":"https:\/\/discover-ifrane.online\/fr\/wp-json\/wp\/v2\/pages\/3676\/revisions"}],"predecessor-version":[{"id":3923,"href":"https:\/\/discover-ifrane.online\/fr\/wp-json\/wp\/v2\/pages\/3676\/revisions\/3923"}],"wp:attachment":[{"href":"https:\/\/discover-ifrane.online\/fr\/wp-json\/wp\/v2\/media?parent=3676"}],"curies":[{"name":"wp","href":"https:\/\/api.w.org\/{rel}","templated":true}]}}